{"id":931,"date":"2023-12-20T07:56:29","date_gmt":"2023-12-20T07:56:29","guid":{"rendered":"https:\/\/limcologistics.webcomplete.io\/carga-roro\/"},"modified":"2024-01-24T17:34:03","modified_gmt":"2024-01-24T17:34:03","slug":"carga-roro","status":"publish","type":"page","link":"https:\/\/limcologistics.webcomplete.io\/es\/carga-roro\/","title":{"rendered":"Carga RORO"},"content":{"rendered":"\n\t<section class=\"wcl-single-banner wcl-single-banner-image-no\"\n\t\tid=\"single-banner\">\n\t\t<div class=\"wcl-container\">\n\t\t\t\n\t\t\t<div class=\"row\">\n\t\t\t\t<div class=\"col-12\"><div class=\"data-label\">Impulse la excelencia log\u00edstica sin fisuras con Limco Logistics<\/div><\/div>\t\t\t\t<div class=\"col-12\">\n\t\t\t\t\t<div class=\"data-content-wrapper\">\n\t\t\t\t\t\t<div class=\"data-content\">\n\t\t\t\t\t\t\t<h1 class=\"data-title\">\n\t\t\t\t\t\t\t\tCarga RORO\t\t\t\t\t\t\t<\/h1>\n\t\t\t\t\t\t\t<div class=\"data-description data-description--right\">En Limco Logistics, nos enorgullecemos de ser su principal socio en servicios de transporte mar\u00edtimo Roll-On\/Roll-Off (RORO). Con un compromiso con la excelencia y una red global de expertos en log\u00edstica, nos aseguramos de que sus env\u00edos RORO se gestionen con el m\u00e1ximo cuidado, eficiencia y fiabilidad.<\/div>\t\t\t\t\t\t<\/div>\n\t\t\t\t\t\t<div class=\"data-content-description\">En Limco Logistics, nos enorgullecemos de ser su principal socio en servicios de transporte mar\u00edtimo Roll-On\/Roll-Off (RORO). Con un compromiso con la excelencia y una red global de expertos en log\u00edstica, nos aseguramos de que sus env\u00edos RORO se gestionen con el m\u00e1ximo cuidado, eficiencia y fiabilidad.<\/div>\t\t\t\t\t<\/div>\n\t\t\t\t<\/div>\n\t\t\t<\/div>\n\t\t<\/div>\n\n\t\t<div id=\"wcl-quote-form-wrapper\">\n\t<div id=\"wcl-quote-form-section\">\n\t\t<div class=\"wcl-container\">\n\t\t\t<div class=\"row\">\n\t\t\t\t<div class=\"col-12\">\n\t\t\t\t\t<form class=\"wcl-form wcl-quote-form\">\n\n\t\t\t\t\t\t<input type=\"hidden\" id=\"wcl_submit_form_wpnonce\" name=\"wcl_submit_form_wpnonce\" value=\"599301b9dc\" \/><input type=\"hidden\" name=\"_wp_http_referer\" value=\"\/es\/wp-json\/wp\/v2\/pages\/931\" \/>\n\t\t\t\t\t\t<div class=\"data-tabs\">\n\t\t\t\t\t\t\t<div class=\"data-tab active\" data-tab=\"ocean-fcl\">\n\t\t\t\t\t\t\t\t<i class=\"wcl-icon-ocean-fcl\"><\/i>\n\t\t\t\t\t\t\t\tOcean FCL\t\t\t\t\t\t\t<\/div>\n\t\t\t\t\t\t\t<div class=\"data-tab\" data-tab=\"ocean-lcl\">\n\t\t\t\t\t\t\t\t<i class=\"wcl-icon-ocean-lcl\"><\/i>\n\t\t\t\t\t\t\t\tOcean LCL\t\t\t\t\t\t\t<\/div>\n\t\t\t\t\t\t\t<div class=\"data-tab\" data-tab=\"ocean-roro\">\n\t\t\t\t\t\t\t\t<i class=\"wcl-icon-ship\"><\/i>\n\t\t\t\t\t\t\t\tOcean RORO\t\t\t\t\t\t\t<\/div>\n\t\t\t\t\t\t\t<div class=\"data-tab\" data-tab=\"car-shipping\">\n\t\t\t\t\t\t\t\t<i class=\"wcl-icon-car\"><\/i>\n\t\t\t\t\t\t\t\tCar Shipping\t\t\t\t\t\t\t<\/div>\n\t\t\t\t\t\t\t<div class=\"data-tab\" data-tab=\"air\">\n\t\t\t\t\t\t\t\t<i class=\"wcl-icon-air\"><\/i>\n\t\t\t\t\t\t\t\tAir\t\t\t\t\t\t\t<\/div>\n\t\t\t\t\t\t<\/div>\n\n\t\t\t\t\t\t<div class=\"data-tabs-wrapper\">\n\t\t\t\t\t\t\t<div class=\"data-tab-content\">\n\t<div class=\"data-content-wrapper\">\n\t\t<div class=\"data-column-wrapper\">\n\t\t\t<div class=\"data-column\">\n\t\t\t\t<div class=\"data-label\">\n\t\t\t\t\t<i class=\"wcl-icon-globe\"><\/i>\n\t\t\t\t\tOrigin\t\t\t\t<\/div>\n\t\t\t\t<input type=\"text\" name=\"origin\" id=\"origin-input\" autocomplete=\"__away\" class=\"data-input\"\n\t\t\t\t\taria-label=\"places\" data-selected=\"0\"\n\t\t\t\t\tplaceholder=\"Origin for Ocean FCL\">\n\t\t\t\t<div class=\"data-submenu\">\n\t\t\t\t\t<ul class=\"data-submenu-list\"><\/ul>\n\n\t\t\t\t\t<span class=\"spinner-border\" role=\"status\" aria-hidden=\"true\"><\/span>\n\t\t\t\t<\/div>\n\t\t\t<\/div>\n\t\t\t<div class=\"wcl-error-message js-column-error-message\"><\/div>\n\t\t<\/div>\n\n\t\t<div class=\"data-column-wrapper\">\n\t\t\t<div class=\"data-column\">\n\t\t\t\t<div class=\"data-label\">\n\t\t\t\t\t<i class=\"wcl-icon-globe\"><\/i>\n\t\t\t\t\tDestination\t\t\t\t<\/div>\n\t\t\t\t<input type=\"text\" name=\"destination\" id=\"destination-input\" autocomplete=\"__away\" class=\"data-input\"\n\t\t\t\t\taria-label=\"places\" data-selected=\"0\"\n\t\t\t\t\tplaceholder=\"Destination for Ocean FCL\">\n\t\t\t\t<div class=\"data-submenu\">\n\t\t\t\t\t<ul class=\"data-submenu-list\"> <\/ul>\n\t\t\t\t\t<span class=\"spinner-border\" role=\"status\" aria-hidden=\"true\"><\/span>\n\t\t\t\t<\/div>\n\t\t\t<\/div>\n\t\t\t<div class=\"wcl-error-message js-column-error-message\"><\/div>\n\t\t<\/div>\n\n\t\t<div class=\"data-column-wrapper\">\n\t\t\t<div class=\"data-column\">\n\t\t\t\t<div class=\"data-label\">\n\t\t\t\t\t<i class=\"wcl-icon-box\"><\/i>\n\t\t\t\t\tCargo\t\t\t\t<\/div>\n\t\t\t\t<input type=\"text\" name=\"cargo-details\" id=\"cargo-details\" autocomplete=\"off\" class=\"data-input\"\n\t\t\t\t\tplaceholder=\"Cargo Details\" readonly>\n\n\t\t\t\t<div class=\"data-modal\" id=\"cargo-details-modal\" style=\"display: none;\">\n\t\t\t\t\t<div class=\"data-modal-wrapper\">\n\t\t\t\t\t\t<div class=\"data-fields-fcl\">\n\n\t<div class=\"data-select data-select--serviceType\">\n\t\t<div class=\"data-label\">\n\t\t\tService Type\t\t<\/div>\n\t\t<select name=\"service_type\" id=\"service_type\" aria-label=\"service_type\">\n\t\t\t<option value=\"Door to Port\">\n\t\t\t\tDoor to Port\t\t\t<\/option>\n\t\t\t<option value=\"Port to Port\">\n\t\t\t\tPort to Port\t\t\t<\/option>\n\t\t\t<option value=\"Port to Door\">\n\t\t\t\tPort to Door\t\t\t<\/option>\n\t\t<\/select>\n\t<\/div>\n\n\t<div class=\"data-wrapper-containers\">\n\t\t<div class=\"data-fields-wrapper\">\n\t\t\t<div class=\"data-inputs\">\n\t\t\t\t\n<div class=\"data-input-row cargo-input-group\" data-num=\"1\">\n\t<div class=\"data-select data-container-type\">\n\t\t<div class=\"data-label\">\n\t\t\tContainer Type *\t\t<\/div>\n\t\t<select name=\"container_type_1\" id=\"container_type_1\" class=\"container-type-select\"\n\t\t\taria-label=\"container_type\">\n\t\t\t<option value=\"20ft\">\n\t\t\t\t20 ft. Container\t\t\t<\/option>\n\t\t\t<option value=\"40ft\">\n\t\t\t\t40 ft. Container\t\t\t<\/option>\n\t\t\t<option value=\"40hc\">\n\t\t\t\t40 HC Container\t\t\t<\/option>\n\t\t\t<option value=\"40'hc\">\n\t\t\t\t40&#8242; HC Container\t\t\t<\/option>\n\t\t\t<option value=\"20'std\">\n\t\t\t\t20&#8217;STD Container\t\t\t<\/option>\n\t\t\t<option value=\"40'std\">\n\t\t\t\t40&#8217;STD Container\t\t\t<\/option>\n\t\t\t<option value=\"20ot\" data-container=\"container-ot\">\n\t\t\t\t20 OT Container\t\t\t<\/option>\n\t\t\t<option value=\"40'ot\" data-container=\"container-ot\">\n\t\t\t\t40&#8217;OT Container\t\t\t<\/option>\n\t\t\t<option value=\"20'fr\" data-container=\"container-fr\">\n\t\t\t\t20&#8217;FR Container\t\t\t<\/option>\n\t\t\t<option value=\"40'fr\" data-container=\"container-fr\">\n\t\t\t\t40&#8217;FR Container\t\t\t<\/option>\n\t\t\t<option value=\"20'reefer\">\n\t\t\t\t20&#8242; REEFER\t\t\t<\/option>\n\t\t\t<option value=\"40'HcReefer\">\n\t\t\t\t40&#8217;HC REEFER\t\t\t<\/option>\n\t\t<\/select>\n\t<\/div>\n\t<div class=\"data-modal-input data-modal-input--qty\">\n\t\t<div class=\"data-label\">\n\t\t\tQty *\t\t<\/div>\n\t\t<input type=\"number\" name=\"container_qty_1\" id=\"container_qty_1\" value=\"1\" min=\"1\"\n\t\t\tclass=\"data-input-number input-qty cargo-fcl-input\">\n\t<\/div>\n\n\t\n\t<div class=\"data-extra-wrapper\">\n\t\t<div class=\"data-extra\"><\/div>\n\n\t\t<div class=\"data-add-button wcl-button-wrapper\">\n\t\t\t<button type=\"button\" class=\"wcl-button js-add-extra-item-button\">\n\t\t\t\tAdd Item +\t\t\t<\/button>\n\t\t<\/div>\n\t<\/div>\n<\/div>\n\t\t\t<\/div>\n\t\n\t\t\t\n<div class=\"data-add-button wcl-button-wrapper\">\n\t<button type=\"button\" class=\"wcl-button js-add-item-button\" data-num=\"1\" data-method=\"fcl-container-type\">\n\t\t<i class=\"wcl-icon-plus\"><\/i>\n\t<\/button>\n\n\t<span class=\"spinner-border spinner-border-sm d-none\" role=\"status\" aria-hidden=\"true\"><\/span>\n<\/div>\t\t<\/div>\n\t<\/div>\n\n\n\n\t<div class=\"wcl-button-wrapper\">\n\t\t<button type=\"button\" class=\"wcl-button wcl-button-modal js-form-show-sidebar\">\n\t\t\tSearch rates\t\t<\/button>\n\t<\/div>\n\n<\/div>\t\t\t\t\t<\/div>\n\t\t\t\t\t<div class=\"wcl-preloader\">\n\t<svg version=\"1.1\" id=\"L9\" xmlns=\"http:\/\/www.w3.org\/2000\/svg\" xmlns:xlink=\"http:\/\/www.w3.org\/1999\/xlink\" x=\"0px\"\n\t\ty=\"0px\" viewBox=\"0 0 100 100\" enable-background=\"new 0 0 0 0\" xml:space=\"preserve\">\n\t\t<path fill=\"#666\"\n\t\t\td=\"M73,50c0-12.7-10.3-23-23-23S27,37.3,27,50 M30.9,50c0-10.5,8.5-19.1,19.1-19.1S69.1,39.5,69.1,50\">\n\t\t\t<animateTransform attributeName=\"transform\" attributeType=\"XML\" type=\"rotate\" dur=\"1s\" from=\"0 50 50\"\n\t\t\t\tto=\"360 50 50\" repeatCount=\"indefinite\">\n\t\t\t<\/animateTransform>\n\t\t<\/path>\n\t<\/svg>\n<\/div>\t\t\t\t<\/div>\n\t\t\t<\/div>\n\t\t\t<div class=\"wcl-error-message js-column-error-message\"><\/div>\n\t\t<\/div>\n\t<\/div>\n<\/div>\n\t\t\t\t\t\t\t<div class=\"wcl-button-wrapper wcl-wrapper-search\">\n\t\t\t\t\t\t\t\t<button type=\"button\" class=\"wcl-button wcl-button-search js-form-show-sidebar\">\n\t\t\t\t\t\t\t\t\tSearch rates\t\t\t\t\t\t\t\t<\/button>\n\t\t\t\t\t\t\t<\/div>\n\t\t\t\t\t\t<\/div>\n\n\t\t\t\t\t\t<div class=\"data-tabs-description\">\n\t\t\t\t\t\t\t\t\t\t\t\t\t<\/div>\n\n\t\t\t\t\t\t<div class=\"wcl-message\"><\/div>\n\n\n\t\t\t\t\t\t<div class=\"wcl-modal js-modal data-know-shipper\">\n\t\t\t\t\t\t\t<div class=\"wcl-modal-wrapper\">\n\t\t\t\t\t\t\t\t<div class=\"wcl-modal-card\">\n\t\t\t\t\t\t\t\t\t<div class=\"wcl-button-wrapper\">\n\t\t\t\t\t\t\t\t\t\t<button type=\"button\" class=\"wcl-button wcl-button-close js-modal-close\">\n\t\t\t\t\t\t\t\t\t\t\t<i class=\"wcl-icon-close\"><\/i>\n\t\t\t\t\t\t\t\t\t\t<\/button>\n\t\t\t\t\t\t\t\t\t<\/div>\n\t\t\t\t\t\t\t\t\t<div class=\"wcl-modal-content\">\n\t\t\t\t\t\t\t\t\t\t<div class=\"wcl-modal-title\">\n\t\t\t\t\t\t\t\t\t\t\tWho is a Known Shipper?\t\t\t\t\t\t\t\t\t\t<\/div>\n\t\t\t\t\t\t\t\t\t\t<div class=\"wcl-modal-info\">\n\t\t\t\t\t\t\t\t\t\t\t<p>\n\t\t\t\t\t\t\t\t\t\t\t\tA Known Shipper, particularly in air freight, refers to an individual or organization that has been pre-screened and approved by a carrier or government agency as being a low-risk shipment source.\t\t\t\t\t\t\t\t\t\t\t<\/p>\n\t\t\t\t\t\t\t\t\t\t\t<p>\n\t\t\t\t\t\t\t\t\t\t\t\tThe known shipper designation allows the individual or organization to ship goods without additional security screenings on passenger and cargo planes.\t\t\t\t\t\t\t\t\t\t\t<\/p>\n\t\t\t\t\t\t\t\t\t\t\t<p>\n\t\t\t\t\t\t\t\t\t\t\t\tPlease note that you don\u2019t need to be a Known Shipper to book through our platform.\t\t\t\t\t\t\t\t\t\t\t<\/p>\n\t\t\t\t\t\t\t\t\t\t<\/div>\n\t\t\t\t\t\t\t\t\t<\/div>\n\t\t\t\t\t\t\t\t\t<div class=\"wcl-button-wrapper\">\n\t\t\t\t\t\t\t\t\t\t<button type=\"button\" class=\"wcl-button wcl-button-blue js-modal-close\">\n\t\t\t\t\t\t\t\t\t\t\tOK\t\t\t\t\t\t\t\t\t\t<\/button>\n\t\t\t\t\t\t\t\t\t<\/div>\n\t\t\t\t\t\t\t\t<\/div>\n\t\t\t\t\t\t\t<\/div>\n\t\t\t\t\t\t<\/div>\n\n\t\t\t\t\t\t<div class=\"data-sidebar-form\">\n\t<div class=\"data-wrapper\">\n\t\t<div class=\"data-form-submit\">\n\n\t\t\t<div class=\"wcl-button-wrapper\">\n\t\t\t\t<button type=\"button\" class=\"wcl-button wcl-button-close js-modal-close\">\n\t\t\t\t\t<i class=\"wcl-icon-close\"><\/i>\n\t\t\t\t<\/button>\n\t\t\t<\/div>\n\n\t\t\t<div class=\"data-form-title\">\n\t\t\t\tGet a free quote!\t\t\t<\/div>\n\n\t\t\t<div class=\"data-form-content\">\n\t\t\t\t<div class=\"data-field\">\n\t\t\t\t\t<input class=\"data-input\" type=\"text\" name=\"client_name\" id=\"client_name\"\n\t\t\t\t\t\tplaceholder=\"Name\">\n\t\t\t\t<\/div>\n\n\t\t\t\t<div class=\"data-field\">\n\t\t\t\t\t<input class=\"data-input\" type=\"tel\" name=\"client_phone\" id=\"client_phone\"\n\t\t\t\t\t\tplaceholder=\"Phone\">\n\t\t\t\t<\/div>\n\n\t\t\t\t<div class=\"data-field\">\n\t\t\t\t\t<input class=\"data-input\" type=\"text\" name=\"client_company\" id=\"client_company\"\n\t\t\t\t\t\tplaceholder=\"Company\">\n\t\t\t\t<\/div>\n\n\t\t\t\t<div class=\"data-field\">\n\t\t\t\t\t<input class=\"data-input\" type=\"email\" name=\"client_email\" id=\"client_email\"\n\t\t\t\t\t\tplaceholder=\"E-mail\">\n\t\t\t\t\t<div id=\"email-error-message\" class=\"error-message\"><\/div>\n\t\t\t\t<\/div>\n\n\t\t\t\t<div class=\"data-field\">\n\t\t\t\t\t<textarea class=\"data-input\" name=\"client_message\" id=\"client_message\"\n\t\t\t\t\t\tplaceholder=\"What are you shipping?\"><\/textarea>\n\t\t\t\t<\/div>\n\t\t\t<\/div>\n\n\t\t\t<input type=\"hidden\" name=\"url\" value=\"https:\/\/limcologistics.webcomplete.io\/es\/carga-roro\/\">\n\n\t\t\t<div class=\"wcl-message\"><\/div>\n\n\t\t\t<span class=\"wcl-grecaptcha-info\">This site is protected by reCAPTCHA and the Google\n\t\t\t\t<a href=\"https:\/\/policies.google.com\/privacy\" target=\"_blank\" role=\"link\">Privacy Policy<\/a> and\n\t\t\t\t<a href=\"https:\/\/policies.google.com\/terms\" target=\"_blank\" role=\"link\">Terms of Service<\/a> apply.\n\t\t\t<\/span>\n\n\t\t\t<div class=\"wcl-button-wrapper\">\n\t\t\t\t<button type=\"button\" class=\"wcl-button wcl-button-blue js-button-submit\">\n\t\t\t\t\t<div class=\"data-text\">\n\t\t\t\t\t\tSubmit\t\t\t\t\t<\/div>\n\t\t\t\t\t<span class=\"spinner-border\" role=\"status\" aria-hidden=\"true\"><\/span>\n\t\t\t\t<\/button>\n\t\t\t<\/div>\n\t\t<\/div>\n\t<\/div>\n<\/div><div class=\"wcl-preloader\">\n\t<svg version=\"1.1\" id=\"L9\" xmlns=\"http:\/\/www.w3.org\/2000\/svg\" xmlns:xlink=\"http:\/\/www.w3.org\/1999\/xlink\" x=\"0px\"\n\t\ty=\"0px\" viewBox=\"0 0 100 100\" enable-background=\"new 0 0 0 0\" xml:space=\"preserve\">\n\t\t<path fill=\"#666\"\n\t\t\td=\"M73,50c0-12.7-10.3-23-23-23S27,37.3,27,50 M30.9,50c0-10.5,8.5-19.1,19.1-19.1S69.1,39.5,69.1,50\">\n\t\t\t<animateTransform attributeName=\"transform\" attributeType=\"XML\" type=\"rotate\" dur=\"1s\" from=\"0 50 50\"\n\t\t\t\tto=\"360 50 50\" repeatCount=\"indefinite\">\n\t\t\t<\/animateTransform>\n\t\t<\/path>\n\t<\/svg>\n<\/div>\t\t\t\t\t<\/form>\n\t\t\t\t<\/div>\n\t\t\t<\/div>\n\t\t<\/div>\n\t<\/div>\n<\/div>\t<\/section>\n\n\t\n\n\n   <div class=\"wcl-information-section wcl-section\">\n      <div class=\"wcl-container\">\n         <div class=\"row justify-content-between\">\n                                 <div class=\"col-12 col-lg-5\">\n                        <div class=\"data-image text-center\">\n                           <img decoding=\"async\" width=\"526\" height=\"682\" src=\"https:\/\/limcologistics.webcomplete.io\/wp-content\/uploads\/2023\/12\/roro-shipping-image.png\" class=\"attachment-full size-full\" alt=\"roro-shipping-image\" \/>                        <\/div>\n                     <\/div>\n                     <div class=\"col-12 col-lg-6\">\n                        <div class=\"data-content\">\n                           <h2>Nuestros servicios de carga RORO:<\/h2>\n<ol>\n<li><strong>Env\u00edo de autom\u00f3viles:<\/strong><br \/>\nLimco Logistics destaca en el transporte de veh\u00edculos de todo tipo, desde coches y camiones hasta autobuses y motocicletas. Nuestros m\u00e9todos seguros de env\u00edo internacional RORO garantizan el tr\u00e1nsito seguro de sus veh\u00edculos a cualquier destino del mundo.<\/li>\n<li><strong>Transporte de maquinaria pesada:<\/strong><br \/>\nPara las empresas que necesitan transportar maquinaria y equipos pesados, nuestros servicios RORO ofrecen una soluci\u00f3n fiable y rentable. Nos encargamos de la log\u00edstica, lo que le permite centrarse en sus operaciones principales.<\/li>\n<li><strong>Gesti\u00f3n de la carga de proyectos:<\/strong><br \/>\nLimco Logistics es su socio de confianza para la gesti\u00f3n de complejos transportes internacionales RORO. Nuestra experiencia garantiza que su carga especializada se manipule con el m\u00e1ximo cuidado, cumpliendo los plazos y las especificaciones del proyecto.<\/li>\n<\/ol>\n                        <\/div>\n                     <\/div>\n                                       <div class=\"col-12\">\n                        <div class=\"data-content\">\n                           <h2><b>\u00bfPor qu\u00e9 elegir Limco Logistics para sus necesidades RORO?<\/b><\/h2>\n<ol>\n<li><strong>Fiabilidad:<\/strong><br \/>\nCuente con Limco Logistics para servicios de transporte mar\u00edtimo RORO fiables y puntuales. Damos prioridad a la entrega segura y puntual de su carga.<\/li>\n<li><strong>Apoyo integral:<\/strong><br \/>\nNuestro equipo se dedica a prestar asistencia integral, desde la planificaci\u00f3n inicial hasta la entrega final. Estamos aqu\u00ed para responder a sus preguntas e inquietudes en cada paso del proceso.<\/li>\n<li><strong>Precios competitivos:<\/strong><br \/>\nLimco Logistics ofrece costes de transporte mar\u00edtimo RORO competitivos sin comprometer la calidad del servicio. Benef\u00edciese de soluciones rentables de transporte mar\u00edtimo RORO adaptadas a su presupuesto.<\/li>\n<\/ol>\n                        <\/div>\n                     <\/div>\n                           <\/div>\n      <\/div>\n   <\/div>\n\n\n\n\t<section class=\"wcl-quote wcl-section\">\n\t\t<div class=\"wcl-container\">\n\t\t\t<div class=\"row\">\n\t\t\t\t<div class=\"col-12 col-md-8 text-center m-auto\">\n\t\t\t\t\t<h3 class=\"data-title\">\n\t\t\t\t\t\tObtenga hoy mismo su presupuesto gratuito de env\u00edo a EE.UU.\t\t\t\t\t<\/h3>\n\t\t\t\t\t<div class=\"data-description m-auto\">\u00bfListo para experimentar los mejores servicios de transporte RORO? P\u00f3ngase en contacto con Limco Logistics hoy mismo para obtener un presupuesto personalizado y d\u00e9jenos elevar su experiencia de transporte internacional RORO. Conf\u00ede en nosotros para llevar su carga sin problemas a su destino.<\/div><div class=\"wcl-button-wrapper\">\n                              <a href=\"#wcl-quote-form-wrapper\" class=\"wcl-button js-button-quote\">Solicitar presupuesto<\/a>\n                           <\/div>\t\t\t\t<\/div>\n\t\t\t<\/div>\n\n\t\t\t<div class=\"row d-none d-lg-block\">\n\t\t\t\t<div class=\"col-12\">\n\t\t\t\t\t<div class=\"data-background-image data-background-image-1\">\n\t\t\t\t\t\t<img decoding=\"async\" src=\"https:\/\/limcologistics.webcomplete.io\/wp-content\/themes\/limcologistics_theme\/img\/crane-1.png\" alt=\"\">\n\t\t\t\t\t<\/div>\n\t\t\t\t<\/div>\n\n\t\t\t\t<div class=\"col-12\">\n\t\t\t\t\t<div class=\"data-background-image data-background-image-2\">\n\t\t\t\t\t\t<img decoding=\"async\" src=\"https:\/\/limcologistics.webcomplete.io\/wp-content\/themes\/limcologistics_theme\/img\/crane-2.png\" alt=\"\">\n\t\t\t\t\t<\/div>\n\t\t\t\t<\/div>\n\t\t\t<\/div>\n\t\t<\/div>\n\t<\/section>\n\n\t","protected":false},"excerpt":{"rendered":"","protected":false},"author":1,"featured_media":0,"parent":0,"menu_order":0,"comment_status":"closed","ping_status":"closed","template":"","meta":{"inline_featured_image":false,"footnotes":""},"acf":[],"yoast_head":"<!-- This site is optimized with the Yoast SEO plugin v21.9.1 - https:\/\/yoast.com\/wordpress\/plugins\/seo\/ -->\n<title>Carga RORO - Limcologistics<\/title>\n<meta name=\"description\" content=\"En Limco Logistics, nos enorgullecemos de ser su principal socio en servicios de transporte mar\u00edtimo Roll-On\/Roll-Off (RORO).\" \/>\n<meta name=\"robots\" content=\"noindex, follow, max-snippet:-1, max-image-preview:large, max-video-preview:-1\" \/>\n<meta property=\"og:locale\" content=\"es_ES\" \/>\n<meta property=\"og:type\" content=\"article\" \/>\n<meta property=\"og:title\" content=\"Carga RORO - Limcologistics\" \/>\n<meta property=\"og:description\" content=\"En Limco Logistics, nos enorgullecemos de ser su principal socio en servicios de transporte mar\u00edtimo Roll-On\/Roll-Off (RORO).\" \/>\n<meta property=\"og:url\" content=\"https:\/\/limcologistics.webcomplete.io\/es\/carga-roro\/\" \/>\n<meta property=\"og:site_name\" content=\"Limcologistics\" \/>\n<meta property=\"article:publisher\" content=\"https:\/\/www.facebook.com\/limcologistics\" \/>\n<meta property=\"article:modified_time\" content=\"2024-01-24T17:34:03+00:00\" \/>\n<meta name=\"twitter:card\" content=\"summary_large_image\" \/>\n<meta name=\"twitter:site\" content=\"@limcologistics\" \/>\n<script type=\"application\/ld+json\" class=\"yoast-schema-graph\">{\"@context\":\"https:\/\/schema.org\",\"@graph\":[{\"@type\":\"WebPage\",\"@id\":\"https:\/\/limcologistics.webcomplete.io\/es\/carga-roro\/\",\"url\":\"https:\/\/limcologistics.webcomplete.io\/es\/carga-roro\/\",\"name\":\"Carga RORO - Limcologistics\",\"isPartOf\":{\"@id\":\"https:\/\/limcologistics.webcomplete.io\/es\/#website\"},\"datePublished\":\"2023-12-20T07:56:29+00:00\",\"dateModified\":\"2024-01-24T17:34:03+00:00\",\"description\":\"En Limco Logistics, nos enorgullecemos de ser su principal socio en servicios de transporte mar\u00edtimo Roll-On\/Roll-Off (RORO).\",\"breadcrumb\":{\"@id\":\"https:\/\/limcologistics.webcomplete.io\/es\/carga-roro\/#breadcrumb\"},\"inLanguage\":\"es\",\"potentialAction\":[{\"@type\":\"ReadAction\",\"target\":[\"https:\/\/limcologistics.webcomplete.io\/es\/carga-roro\/\"]}]},{\"@type\":\"BreadcrumbList\",\"@id\":\"https:\/\/limcologistics.webcomplete.io\/es\/carga-roro\/#breadcrumb\",\"itemListElement\":[{\"@type\":\"ListItem\",\"position\":1,\"name\":\"Home\",\"item\":\"https:\/\/limcologistics.webcomplete.io\/es\/\"},{\"@type\":\"ListItem\",\"position\":2,\"name\":\"Carga RORO\"}]},{\"@type\":\"WebSite\",\"@id\":\"https:\/\/limcologistics.webcomplete.io\/es\/#website\",\"url\":\"https:\/\/limcologistics.webcomplete.io\/es\/\",\"name\":\"Limcologistics\",\"description\":\"\",\"publisher\":{\"@id\":\"https:\/\/limcologistics.webcomplete.io\/es\/#organization\"},\"potentialAction\":[{\"@type\":\"SearchAction\",\"target\":{\"@type\":\"EntryPoint\",\"urlTemplate\":\"https:\/\/limcologistics.webcomplete.io\/es\/?s={search_term_string}\"},\"query-input\":\"required name=search_term_string\"}],\"inLanguage\":\"es\"},{\"@type\":\"Organization\",\"@id\":\"https:\/\/limcologistics.webcomplete.io\/es\/#organization\",\"name\":\"Limcologistics\",\"url\":\"https:\/\/limcologistics.webcomplete.io\/es\/\",\"logo\":{\"@type\":\"ImageObject\",\"inLanguage\":\"es\",\"@id\":\"https:\/\/limcologistics.webcomplete.io\/es\/#\/schema\/logo\/image\/\",\"url\":\"https:\/\/limcologistics.webcomplete.io\/wp-content\/uploads\/2024\/01\/logo-blue-1.svg\",\"contentUrl\":\"https:\/\/limcologistics.webcomplete.io\/wp-content\/uploads\/2024\/01\/logo-blue-1.svg\",\"width\":195,\"height\":45,\"caption\":\"Limcologistics\"},\"image\":{\"@id\":\"https:\/\/limcologistics.webcomplete.io\/es\/#\/schema\/logo\/image\/\"},\"sameAs\":[\"https:\/\/www.facebook.com\/limcologistics\",\"https:\/\/twitter.com\/limcologistics\",\"https:\/\/www.linkedin.com\/company\/limcologistics\",\"https:\/\/www.youtube.com\/user\/limcologistics\"]}]}<\/script>\n<!-- \/ Yoast SEO plugin. -->","yoast_head_json":{"title":"Carga RORO - Limcologistics","description":"En Limco Logistics, nos enorgullecemos de ser su principal socio en servicios de transporte mar\u00edtimo Roll-On\/Roll-Off (RORO).","robots":{"index":"noindex","follow":"follow","max-snippet":"max-snippet:-1","max-image-preview":"max-image-preview:large","max-video-preview":"max-video-preview:-1"},"og_locale":"es_ES","og_type":"article","og_title":"Carga RORO - Limcologistics","og_description":"En Limco Logistics, nos enorgullecemos de ser su principal socio en servicios de transporte mar\u00edtimo Roll-On\/Roll-Off (RORO).","og_url":"https:\/\/limcologistics.webcomplete.io\/es\/carga-roro\/","og_site_name":"Limcologistics","article_publisher":"https:\/\/www.facebook.com\/limcologistics","article_modified_time":"2024-01-24T17:34:03+00:00","twitter_card":"summary_large_image","twitter_site":"@limcologistics","schema":{"@context":"https:\/\/schema.org","@graph":[{"@type":"WebPage","@id":"https:\/\/limcologistics.webcomplete.io\/es\/carga-roro\/","url":"https:\/\/limcologistics.webcomplete.io\/es\/carga-roro\/","name":"Carga RORO - Limcologistics","isPartOf":{"@id":"https:\/\/limcologistics.webcomplete.io\/es\/#website"},"datePublished":"2023-12-20T07:56:29+00:00","dateModified":"2024-01-24T17:34:03+00:00","description":"En Limco Logistics, nos enorgullecemos de ser su principal socio en servicios de transporte mar\u00edtimo Roll-On\/Roll-Off (RORO).","breadcrumb":{"@id":"https:\/\/limcologistics.webcomplete.io\/es\/carga-roro\/#breadcrumb"},"inLanguage":"es","potentialAction":[{"@type":"ReadAction","target":["https:\/\/limcologistics.webcomplete.io\/es\/carga-roro\/"]}]},{"@type":"BreadcrumbList","@id":"https:\/\/limcologistics.webcomplete.io\/es\/carga-roro\/#breadcrumb","itemListElement":[{"@type":"ListItem","position":1,"name":"Home","item":"https:\/\/limcologistics.webcomplete.io\/es\/"},{"@type":"ListItem","position":2,"name":"Carga RORO"}]},{"@type":"WebSite","@id":"https:\/\/limcologistics.webcomplete.io\/es\/#website","url":"https:\/\/limcologistics.webcomplete.io\/es\/","name":"Limcologistics","description":"","publisher":{"@id":"https:\/\/limcologistics.webcomplete.io\/es\/#organization"},"potentialAction":[{"@type":"SearchAction","target":{"@type":"EntryPoint","urlTemplate":"https:\/\/limcologistics.webcomplete.io\/es\/?s={search_term_string}"},"query-input":"required name=search_term_string"}],"inLanguage":"es"},{"@type":"Organization","@id":"https:\/\/limcologistics.webcomplete.io\/es\/#organization","name":"Limcologistics","url":"https:\/\/limcologistics.webcomplete.io\/es\/","logo":{"@type":"ImageObject","inLanguage":"es","@id":"https:\/\/limcologistics.webcomplete.io\/es\/#\/schema\/logo\/image\/","url":"https:\/\/limcologistics.webcomplete.io\/wp-content\/uploads\/2024\/01\/logo-blue-1.svg","contentUrl":"https:\/\/limcologistics.webcomplete.io\/wp-content\/uploads\/2024\/01\/logo-blue-1.svg","width":195,"height":45,"caption":"Limcologistics"},"image":{"@id":"https:\/\/limcologistics.webcomplete.io\/es\/#\/schema\/logo\/image\/"},"sameAs":["https:\/\/www.facebook.com\/limcologistics","https:\/\/twitter.com\/limcologistics","https:\/\/www.linkedin.com\/company\/limcologistics","https:\/\/www.youtube.com\/user\/limcologistics"]}]}},"_links":{"self":[{"href":"https:\/\/limcologistics.webcomplete.io\/es\/wp-json\/wp\/v2\/pages\/931"}],"collection":[{"href":"https:\/\/limcologistics.webcomplete.io\/es\/wp-json\/wp\/v2\/pages"}],"about":[{"href":"https:\/\/limcologistics.webcomplete.io\/es\/wp-json\/wp\/v2\/types\/page"}],"author":[{"embeddable":true,"href":"https:\/\/limcologistics.webcomplete.io\/es\/wp-json\/wp\/v2\/users\/1"}],"replies":[{"embeddable":true,"href":"https:\/\/limcologistics.webcomplete.io\/es\/wp-json\/wp\/v2\/comments?post=931"}],"version-history":[{"count":4,"href":"https:\/\/limcologistics.webcomplete.io\/es\/wp-json\/wp\/v2\/pages\/931\/revisions"}],"predecessor-version":[{"id":1469,"href":"https:\/\/limcologistics.webcomplete.io\/es\/wp-json\/wp\/v2\/pages\/931\/revisions\/1469"}],"wp:attachment":[{"href":"https:\/\/limcologistics.webcomplete.io\/es\/wp-json\/wp\/v2\/media?parent=931"}],"curies":[{"name":"wp","href":"https:\/\/api.w.org\/{rel}","templated":true}]}}